{"id":3196,"date":"2022-08-24T11:07:48","date_gmt":"2022-08-24T11:07:48","guid":{"rendered":"https:\/\/mfprofissional.com\/cart\/"},"modified":"2025-08-06T16:02:22","modified_gmt":"2025-08-06T16:02:22","slug":"cart","status":"publish","type":"page","link":"https:\/\/mfprofissional.com\/en\/cart\/","title":{"rendered":"Cart"},"content":{"rendered":"\t\t<div data-elementor-type=\"wp-page\" data-elementor-id=\"3196\" class=\"elementor elementor-3196 elementor-18\" data-elementor-post-type=\"page\">\n\t\t\t\t\t\t<section class=\"elementor-section elementor-top-section elementor-element elementor-element-4c0a3825 elementor-section-boxed elementor-section-height-default elementor-section-height-default\" data-id=\"4c0a3825\" data-element_type=\"section\">\n\t\t\t\t\t\t<div class=\"elementor-container elementor-column-gap-default\">\n\t\t\t\t\t<div class=\"elementor-column elementor-col-100 elementor-top-column elementor-element elementor-element-5ddada39\" data-id=\"5ddada39\" data-element_type=\"column\">\n\t\t\t<div class=\"elementor-widget-wrap elementor-element-populated\">\n\t\t\t\t\t\t\t<\/div>\n\t\t<\/div>\n\t\t\t\t\t<\/div>\n\t\t<\/section>\n\t\t\t\t<\/div>\n\t\t","protected":false},"excerpt":{"rendered":"<p>O SEU CARRINHO DE COMPRAS EST\u00c1 VAZIO Convidamo-lo a conhecer um pouco da nossa variedade de produtos. Com certeza encontrar\u00e1 algo para si! Voltar \u00e0&#8230;<\/p>\n","protected":false},"author":1,"featured_media":0,"parent":0,"menu_order":0,"comment_status":"closed","ping_status":"closed","template":"elementor_theme","meta":{"footnotes":""},"class_list":["post-3196","page","type-page","status-publish","hentry"],"_links":{"self":[{"href":"https:\/\/mfprofissional.com\/en\/wp-json\/wp\/v2\/pages\/3196","targetHints":{"allow":["GET"]}}],"collection":[{"href":"https:\/\/mfprofissional.com\/en\/wp-json\/wp\/v2\/pages"}],"about":[{"href":"https:\/\/mfprofissional.com\/en\/wp-json\/wp\/v2\/types\/page"}],"author":[{"embeddable":true,"href":"https:\/\/mfprofissional.com\/en\/wp-json\/wp\/v2\/users\/1"}],"replies":[{"embeddable":true,"href":"https:\/\/mfprofissional.com\/en\/wp-json\/wp\/v2\/comments?post=3196"}],"version-history":[{"count":12,"href":"https:\/\/mfprofissional.com\/en\/wp-json\/wp\/v2\/pages\/3196\/revisions"}],"predecessor-version":[{"id":4134,"href":"https:\/\/mfprofissional.com\/en\/wp-json\/wp\/v2\/pages\/3196\/revisions\/4134"}],"wp:attachment":[{"href":"https:\/\/mfprofissional.com\/en\/wp-json\/wp\/v2\/media?parent=3196"}],"curies":[{"name":"wp","href":"https:\/\/api.w.org\/{rel}","templated":true}]}}