{"id":3923,"date":"2025-06-18T12:51:33","date_gmt":"2025-06-18T12:51:33","guid":{"rendered":"https:\/\/mfprofissional.com\/politica-de-privacidade\/"},"modified":"2025-08-07T09:57:21","modified_gmt":"2025-08-07T09:57:21","slug":"politica-de-privacidad","status":"publish","type":"page","link":"https:\/\/mfprofissional.com\/es\/politica-de-privacidad\/","title":{"rendered":"Pol\u00edtica de Privacidad"},"content":{"rendered":"\t\t<div data-elementor-type=\"wp-page\" data-elementor-id=\"3923\" class=\"elementor elementor-3923 elementor-3\" data-elementor-post-type=\"page\">\n\t\t\t\t\t\t<section class=\"elementor-section elementor-top-section elementor-element elementor-element-3669425 elementor-section-stretched elementor-section-boxed elementor-section-height-default elementor-section-height-default\" data-id=\"3669425\" data-element_type=\"section\" data-settings=\"{&quot;stretch_section&quot;:&quot;section-stretched&quot;,&quot;background_background&quot;:&quot;classic&quot;}\">\n\t\t\t\t\t\t<div class=\"elementor-container elementor-column-gap-no\">\n\t\t\t\t\t<div class=\"elementor-column elementor-col-100 elementor-top-column elementor-element elementor-element-7915d548\" data-id=\"7915d548\" data-element_type=\"column\">\n\t\t\t<div class=\"elementor-widget-wrap elementor-element-populated\">\n\t\t\t\t\t\t<div class=\"elementor-element elementor-element-43855d6f elementor-widget elementor-widget-heading\" data-id=\"43855d6f\" data-element_type=\"widget\" data-widget_type=\"heading.default\">\n\t\t\t\t<div class=\"elementor-widget-container\">\n\t\t\t\t\t<h2 class=\"elementor-heading-title elementor-size-default\">Pol\u00edtica de Privacidad<\/h2>\t\t\t\t<\/div>\n\t\t\t\t<\/div>\n\t\t\t\t<div class=\"elementor-element elementor-element-44764312 elementor-widget elementor-widget-text-editor\" data-id=\"44764312\" data-element_type=\"widget\" data-widget_type=\"text-editor.default\">\n\t\t\t\t<div class=\"elementor-widget-container\">\n\t\t\t\t\t\t\t\t\t<p>Informaci\u00f3n legal<\/p>\t\t\t\t\t\t\t\t<\/div>\n\t\t\t\t<\/div>\n\t\t\t\t\t<\/div>\n\t\t<\/div>\n\t\t\t\t\t<\/div>\n\t\t<\/section>\n\t\t\t\t<section class=\"elementor-section elementor-top-section elementor-element elementor-element-63e5d787 elementor-section-content-middle elementor-section-boxed elementor-section-height-default elementor-section-height-default\" data-id=\"63e5d787\" data-element_type=\"section\">\n\t\t\t\t\t\t<div class=\"elementor-container elementor-column-gap-custom\">\n\t\t\t\t\t<div class=\"elementor-column elementor-col-100 elementor-top-column elementor-element elementor-element-31c294df\" data-id=\"31c294df\" data-element_type=\"column\">\n\t\t\t<div class=\"elementor-widget-wrap elementor-element-populated\">\n\t\t\t\t\t\t<div class=\"elementor-element elementor-element-71c749aa elementor-widget elementor-widget-text-editor\" data-id=\"71c749aa\" data-element_type=\"widget\" data-widget_type=\"text-editor.default\">\n\t\t\t\t<div class=\"elementor-widget-container\">\n\t\t\t\t\t\t\t\t\t<p>La privacidad del usuario es importante para Manuela Maria Ribeiro Ferreira, en adelante MF PROFISSIONAL.<\/p><p>MF PROFISSIONAL se compromete a garantizar la confidencialidad y privacidad en la recopilaci\u00f3n y el tratamiento de los datos de sus Clientes y Usuarios, cumpliendo con sus obligaciones en virtud del Reglamento General de Protecci\u00f3n de Datos, y ha desarrollado esta Pol\u00edtica de Privacidad para tal fin.<\/p><p><strong>\u00c1mbito general:<\/strong><br \/>MF PROFISSIONAL es responsable de esta Pol\u00edtica de Privacidad. Esta Pol\u00edtica de Privacidad abarca este sitio web, as\u00ed como otros sitios, micrositios, formularios y documentos que la mencionan.<br \/>Dentro del \u00e1mbito de esta Pol\u00edtica de Privacidad, MF PROFISSIONAL define lo siguiente:<br \/>Cliente: cualquier entidad que adquiera nuestros productos;<br \/>Usuario: cualquier visitante de este sitio web.<br \/>MF PROFISSIONAL se reserva el derecho de actualizar o modificar su Pol\u00edtica de Privacidad en cualquier momento, en particular para adaptarla a los cambios legislativos. Por lo tanto, se recomienda a los usuarios que visiten esta p\u00e1gina peri\u00f3dicamente.<\/p><p><strong>Consentimiento:<\/strong><br \/>Al utilizar este sitio web, usted da su consentimiento para la recopilaci\u00f3n y el uso de informaci\u00f3n. MF PROFISSIONAL podr\u00e1 modificar, a\u00f1adir o eliminar en cualquier momento cualquiera de las pol\u00edticas de privacidad de su sitio web (https:\/\/www.mfprofissional.com\/) actualizando el contenido de esta p\u00e1gina.<\/p><p><strong>Datos recopilados:<\/strong><br \/>MF PROFISSIONAL recopila datos de sus Clientes y Usuarios mediante el env\u00edo de formularios habilitados para tal fin, en formato digital o f\u00edsico.<br \/>MF PROFISSIONAL es la entidad responsable de la recopilaci\u00f3n y el tratamiento de estos datos, decidiendo las categor\u00edas de datos recopilados, c\u00f3mo se procesar\u00e1n y las finalidades para las que se utilizar\u00e1n.<br \/>Todos los procedimientos automatizados y no automatizados que permitan la recopilaci\u00f3n, organizaci\u00f3n, almacenamiento, modificaci\u00f3n y transferencia de datos personales se considerar\u00e1n \u00abtratamiento de datos personales\u00bb.<\/p><p><strong>Uso de los datos:<\/strong><br \/>Los datos recopilados por MF PROFISSIONAL se destinan al proceso de comunicaci\u00f3n con Clientes y Usuarios.<\/p><p><strong>Acceso a los datos:<\/strong><br \/>MF PROFISSIONAL no divulga ning\u00fan dato personal de sus Clientes y Usuarios a terceros sin su consentimiento, excepto (1) cuando se trate de empresas del Grupo, (2) cuando sea necesario para que los empleados, proveedores o socios comerciales de MF PROFISSIONAL proporcionen un producto o servicio o desempe\u00f1en una funci\u00f3n en nombre de MF PROFISSIONAL, o (3) cuando lo exija o lo permita la ley.<br \/>MF PROFISSIONAL tomar\u00e1 las precauciones razonables para garantizar que sus empleados o colaboradores con acceso a datos personales reciban la formaci\u00f3n adecuada para su correcto tratamiento, en relaci\u00f3n con esta pol\u00edtica y las obligaciones legales en materia de protecci\u00f3n de datos. En caso de incumplimiento, MF PROFISSIONAL aplicar\u00e1 sanciones disciplinarias a sus empleados y colaboradores. Siempre que MF PROFISSIONAL divulgue los datos personales de un usuario, garantizar\u00e1 el cumplimiento de la Ley de Protecci\u00f3n de Datos Personales, en concreto mediante el establecimiento de cl\u00e1usulas contractuales que garanticen que el tercero utilice los datos recibidos \u00fanicamente para los fines especificados y de conformidad con los fines descritos en esta pol\u00edtica. El tercero aplicar\u00e1 las medidas de seguridad adecuadas para proteger los datos personales del usuario contra el tratamiento ilegal o no autorizado, as\u00ed como contra la p\u00e9rdida accidental, la destrucci\u00f3n u otras acciones perjudiciales.<\/p><p><strong>Almacenamiento de datos<\/strong><br \/>MF PROFISSIONAL almacena los datos de sus clientes y usuarios en sus servidores ubicados en Portugal. Estos servidores est\u00e1n protegidos y mantenidos seg\u00fan altos est\u00e1ndares de seguridad y en cumplimiento con la legislaci\u00f3n de privacidad aplicable.<\/p><p><strong>Periodo de conservaci\u00f3n de datos:<\/strong><br \/>El periodo de almacenamiento y conservaci\u00f3n de los datos personales de los clientes y usuarios del sitio web de MF PROFISSIONAL var\u00eda seg\u00fan la finalidad.<br \/>Los datos personales de los usuarios de nuestro sitio web se conservar\u00e1n hasta que permanezcan activos y se eliminar\u00e1n una vez finalizado su uso. Los datos de los clientes y otros datos espec\u00edficos que deban conservarse para cumplir con las obligaciones legales de MF PROFISSIONAL podr\u00e1n conservarse durante un m\u00e1ximo de 10 a\u00f1os (de conformidad con el art\u00edculo 130 del C\u00f3digo Tributario Nacional), tras lo cual se eliminar\u00e1n.<\/p><p><strong>Seguridad de datos:<\/strong><br \/>MF PROFISSIONAL ha adoptado las medidas t\u00e9cnicas y organizativas necesarias para proteger adecuadamente sus datos contra el tratamiento y el acceso no autorizados. MF PROFISSIONAL hace todos los esfuerzos razonables para evitar el uso no autorizado o il\u00edcito de los datos personales del usuario, as\u00ed como su p\u00e9rdida, destrucci\u00f3n o da\u00f1o. Sin embargo, MF PROFISSIONAL no puede ofrecer garant\u00edas absolutas respecto a los datos del usuario. En caso de fuga, p\u00e9rdida o vulneraci\u00f3n de datos personales que pueda suponer un alto riesgo para los derechos y libertades de sus Clientes y Usuarios, MF PROFISSIONAL:<br \/>Notificar\u00e1 a las autoridades de control en un plazo de 72 horas tras tener conocimiento del incidente.<br \/>Comunicar\u00e1 la situaci\u00f3n oportunamente al\/a los titular(es) de los datos afectados.<\/p><p>MF PROFISSIONAL garantiza la seguridad de los datos personales de los usuarios mediante los siguientes medios: (1) uso de cifrado certificado en todas las comunicaciones del sitio web; (2) uso de una contrase\u00f1a para acceder al sitio web; y (3) limitaci\u00f3n del acceso a los datos personales (por ejemplo, acceso exclusivo a empleados de MF PROFISSIONAL o trabajadores que necesiten acceder para los fines descritos anteriormente).<\/p><p><strong>Enlaces externos:<\/strong><br \/>El sitio web, los micrositios y las redes sociales de MF PROFISSIONAL pueden contener enlaces a otros sitios web y direcciones de correo electr\u00f3nico de empresas que no pertenecen a MF PROFISSIONAL. Esta pol\u00edtica de privacidad no se aplica a estos sitios web ni direcciones de correo electr\u00f3nico. Si accede a un enlace en el sitio web y las redes sociales de MF PROFISSIONAL a otro sitio web y proporciona datos personales en dicho sitio, el tratamiento de sus datos estar\u00e1 sujeto a la pol\u00edtica de privacidad de dicho sitio web.<\/p><p><strong>Cookies:<\/strong><br \/>El sitio web de MF PROFISSIONAL utiliza cookies en ciertas \u00e1reas.<br \/>Las cookies son archivos que almacenan informaci\u00f3n en su disco duro o navegador, lo que permite a los sitios web reconocerle e identificar sus visitas anteriores.<br \/>Puede configurar su navegador para que rechace las cookies; sin embargo, en este caso, es posible que el sitio web o partes del mismo no funcionen correctamente.<br \/>Las cookies nos permiten mejorar nuestro sitio web mediante el seguimiento del n\u00famero de usuarios \u00fanicos que nos visitan y las p\u00e1ginas que visitan. Esto nos permite comprender qu\u00e9 contenido les interesa a nuestros usuarios.<\/p><p><strong>Derechos del usuario:<\/strong><br \/>De acuerdo con la Ley de Protecci\u00f3n de Datos Personales, los usuarios tienen derecho a obtener informaci\u00f3n sobre sus datos personales. Tiene derecho a saber qu\u00e9 datos personales ha tratado MF PROFISSIONAL y a solicitar que corrija, complete, bloquee o elimine total o parcialmente los datos si se considera que est\u00e1n incompletos, son incorrectos o irrelevantes para el tratamiento.<br \/>Los usuarios deben notificar la actualizaci\u00f3n de sus datos mediante el formulario creado a tal efecto o enviando un correo electr\u00f3nico a geral@mfprofissional.com.<br \/>Si desea darse de baja de la base de datos de MF PROFISSIONAL en cualquier momento, puede ejercer este derecho contact\u00e1ndonos en geral@mfprofissional.com.<\/p>\t\t\t\t\t\t\t\t<\/div>\n\t\t\t\t<\/div>\n\t\t\t\t<div class=\"elementor-element elementor-element-70538bc9 elementor-widget elementor-widget-spacer\" data-id=\"70538bc9\" data-element_type=\"widget\" data-widget_type=\"spacer.default\">\n\t\t\t\t<div class=\"elementor-widget-container\">\n\t\t\t\t\t\t\t<div class=\"elementor-spacer\">\n\t\t\t<div class=\"elementor-spacer-inner\"><\/div>\n\t\t<\/div>\n\t\t\t\t\t\t<\/div>\n\t\t\t\t<\/div>\n\t\t\t\t\t<\/div>\n\t\t<\/div>\n\t\t\t\t\t<\/div>\n\t\t<\/section>\n\t\t\t\t<\/div>\n\t\t","protected":false},"excerpt":{"rendered":"<p>Pol\u00edtica de Privacidad Informaci\u00f3n legal La privacidad del usuario es importante para Manuela Maria Ribeiro Ferreira, en adelante MF PROFISSIONAL. MF PROFISSIONAL se compromete a&#8230;<\/p>\n","protected":false},"author":1,"featured_media":0,"parent":0,"menu_order":0,"comment_status":"closed","ping_status":"open","template":"","meta":{"footnotes":""},"class_list":["post-3923","page","type-page","status-publish","hentry"],"_links":{"self":[{"href":"https:\/\/mfprofissional.com\/es\/wp-json\/wp\/v2\/pages\/3923","targetHints":{"allow":["GET"]}}],"collection":[{"href":"https:\/\/mfprofissional.com\/es\/wp-json\/wp\/v2\/pages"}],"about":[{"href":"https:\/\/mfprofissional.com\/es\/wp-json\/wp\/v2\/types\/page"}],"author":[{"embeddable":true,"href":"https:\/\/mfprofissional.com\/es\/wp-json\/wp\/v2\/users\/1"}],"replies":[{"embeddable":true,"href":"https:\/\/mfprofissional.com\/es\/wp-json\/wp\/v2\/comments?post=3923"}],"version-history":[{"count":7,"href":"https:\/\/mfprofissional.com\/es\/wp-json\/wp\/v2\/pages\/3923\/revisions"}],"predecessor-version":[{"id":4239,"href":"https:\/\/mfprofissional.com\/es\/wp-json\/wp\/v2\/pages\/3923\/revisions\/4239"}],"wp:attachment":[{"href":"https:\/\/mfprofissional.com\/es\/wp-json\/wp\/v2\/media?parent=3923"}],"curies":[{"name":"wp","href":"https:\/\/api.w.org\/{rel}","templated":true}]}}