{"id":3964,"date":"2025-06-23T19:57:10","date_gmt":"2025-06-23T19:57:10","guid":{"rendered":"https:\/\/mfprofissional.com\/trocas-e-devolucoes\/"},"modified":"2025-08-07T09:56:26","modified_gmt":"2025-08-07T09:56:26","slug":"cambios-y-devoluciones","status":"publish","type":"page","link":"https:\/\/mfprofissional.com\/es\/cambios-y-devoluciones\/","title":{"rendered":"Cambios y Devoluciones"},"content":{"rendered":"\t\t<div data-elementor-type=\"wp-page\" data-elementor-id=\"3964\" class=\"elementor elementor-3964 elementor-1624\" data-elementor-post-type=\"page\">\n\t\t\t\t\t\t<section class=\"elementor-section elementor-top-section elementor-element elementor-element-ab2849c elementor-section-stretched elementor-section-boxed elementor-section-height-default elementor-section-height-default\" data-id=\"ab2849c\" data-element_type=\"section\" data-settings=\"{&quot;stretch_section&quot;:&quot;section-stretched&quot;,&quot;background_background&quot;:&quot;classic&quot;}\">\n\t\t\t\t\t\t<div class=\"elementor-container elementor-column-gap-no\">\n\t\t\t\t\t<div class=\"elementor-column elementor-col-100 elementor-top-column elementor-element elementor-element-74316a8\" data-id=\"74316a8\" data-element_type=\"column\">\n\t\t\t<div class=\"elementor-widget-wrap elementor-element-populated\">\n\t\t\t\t\t\t<div class=\"elementor-element elementor-element-d745c5c elementor-widget elementor-widget-heading\" data-id=\"d745c5c\" data-element_type=\"widget\" data-widget_type=\"heading.default\">\n\t\t\t\t<div class=\"elementor-widget-container\">\n\t\t\t\t\t<h2 class=\"elementor-heading-title elementor-size-default\">Cambios y Devoluciones<\/h2>\t\t\t\t<\/div>\n\t\t\t\t<\/div>\n\t\t\t\t<div class=\"elementor-element elementor-element-c424140 elementor-widget elementor-widget-text-editor\" data-id=\"c424140\" data-element_type=\"widget\" data-widget_type=\"text-editor.default\">\n\t\t\t\t<div class=\"elementor-widget-container\">\n\t\t\t\t\t\t\t\t\t<p>Informaci\u00f3n legal<\/p>\t\t\t\t\t\t\t\t<\/div>\n\t\t\t\t<\/div>\n\t\t\t\t\t<\/div>\n\t\t<\/div>\n\t\t\t\t\t<\/div>\n\t\t<\/section>\n\t\t\t\t<section class=\"elementor-section elementor-top-section elementor-element elementor-element-af76453 elementor-section-content-middle elementor-section-boxed elementor-section-height-default elementor-section-height-default\" data-id=\"af76453\" data-element_type=\"section\">\n\t\t\t\t\t\t<div class=\"elementor-container elementor-column-gap-custom\">\n\t\t\t\t\t<div class=\"elementor-column elementor-col-100 elementor-top-column elementor-element elementor-element-9189682\" data-id=\"9189682\" data-element_type=\"column\">\n\t\t\t<div class=\"elementor-widget-wrap elementor-element-populated\">\n\t\t\t\t\t\t<div class=\"elementor-element elementor-element-6f7ae46 elementor-widget elementor-widget-text-editor\" data-id=\"6f7ae46\" data-element_type=\"widget\" data-widget_type=\"text-editor.default\">\n\t\t\t\t<div class=\"elementor-widget-container\">\n\t\t\t\t\t\t\t\t\t<p>Puede devolver cualquier producto adquirido en mfprofissional.com dentro de los 30 d\u00edas posteriores a la recepci\u00f3n de su pedido.<\/p><p>El art\u00edculo debe estar en las mismas condiciones en que se entreg\u00f3. MF Profissional no acepta devoluciones de art\u00edculos manipulados o con el embalaje da\u00f1ado.<\/p><p>Puede cambiar cualquier art\u00edculo dentro de los 14 d\u00edas posteriores a la recepci\u00f3n de su pedido.<\/p><p>Debe enviar un correo electr\u00f3nico a <strong><a href=\"mailto:geral@mfprofissional.com\">geral@mfprofissional.com<\/a><\/strong> solicitando el art\u00edculo que desea cambiar antes de enviarlo.<\/p><p><strong>Para env\u00edos, la direcci\u00f3n es:<\/strong><\/p><p>MF Profissional \u2013 Rua Jo\u00e3o Baptista n\u00ba1 2100-018 Coruche \u2013 Portugal<\/p>\t\t\t\t\t\t\t\t<\/div>\n\t\t\t\t<\/div>\n\t\t\t\t<div class=\"elementor-element elementor-element-ab0d577 elementor-widget elementor-widget-spacer\" data-id=\"ab0d577\" data-element_type=\"widget\" data-widget_type=\"spacer.default\">\n\t\t\t\t<div class=\"elementor-widget-container\">\n\t\t\t\t\t\t\t<div class=\"elementor-spacer\">\n\t\t\t<div class=\"elementor-spacer-inner\"><\/div>\n\t\t<\/div>\n\t\t\t\t\t\t<\/div>\n\t\t\t\t<\/div>\n\t\t\t\t\t<\/div>\n\t\t<\/div>\n\t\t\t\t\t<\/div>\n\t\t<\/section>\n\t\t\t\t<\/div>\n\t\t","protected":false},"excerpt":{"rendered":"<p>Cambios y Devoluciones Informaci\u00f3n legal Puede devolver cualquier producto adquirido en mfprofissional.com dentro de los 30 d\u00edas posteriores a la recepci\u00f3n de su pedido. El&#8230;<\/p>\n","protected":false},"author":1,"featured_media":0,"parent":0,"menu_order":0,"comment_status":"closed","ping_status":"closed","template":"","meta":{"footnotes":""},"class_list":["post-3964","page","type-page","status-publish","hentry"],"_links":{"self":[{"href":"https:\/\/mfprofissional.com\/es\/wp-json\/wp\/v2\/pages\/3964","targetHints":{"allow":["GET"]}}],"collection":[{"href":"https:\/\/mfprofissional.com\/es\/wp-json\/wp\/v2\/pages"}],"about":[{"href":"https:\/\/mfprofissional.com\/es\/wp-json\/wp\/v2\/types\/page"}],"author":[{"embeddable":true,"href":"https:\/\/mfprofissional.com\/es\/wp-json\/wp\/v2\/users\/1"}],"replies":[{"embeddable":true,"href":"https:\/\/mfprofissional.com\/es\/wp-json\/wp\/v2\/comments?post=3964"}],"version-history":[{"count":6,"href":"https:\/\/mfprofissional.com\/es\/wp-json\/wp\/v2\/pages\/3964\/revisions"}],"predecessor-version":[{"id":4236,"href":"https:\/\/mfprofissional.com\/es\/wp-json\/wp\/v2\/pages\/3964\/revisions\/4236"}],"wp:attachment":[{"href":"https:\/\/mfprofissional.com\/es\/wp-json\/wp\/v2\/media?parent=3964"}],"curies":[{"name":"wp","href":"https:\/\/api.w.org\/{rel}","templated":true}]}}