{"id":4264,"date":"2025-07-30T12:22:07","date_gmt":"2025-07-30T12:22:07","guid":{"rendered":"https:\/\/mfprofissional.com\/loja-online\/sin%20categor\u00eda\/bacopa-plus\/"},"modified":"2025-08-07T15:30:15","modified_gmt":"2025-08-07T15:30:15","slug":"bacopa-plus","status":"publish","type":"product","link":"https:\/\/mfprofissional.com\/es\/tienda-en-linea\/suplementos-dieteticos\/bacopa-plus\/","title":{"rendered":"Bacopa Plus"},"content":{"rendered":"<p>Envase: 60 c\u00e1psulas<\/p>\n<p>Recomendaciones:<\/p>\n<p>Conservar en un lugar fresco y seco.<br \/>\nMantener fuera del alcance de los ni\u00f1os.<br \/>\nProteger de la luz y el calor.<\/p>\n","protected":false},"excerpt":{"rendered":"<p>Un suplemento innovador dise\u00f1ado para apoyar la funci\u00f3n cognitiva y la salud cerebral.<br \/>\nFormulado con Bacopa Mind, un ingrediente activo patentado con resultados cl\u00ednicos comprobados en el aumento de la concentraci\u00f3n, la cognici\u00f3n y la memoria, incluso en ni\u00f1os y adultos con trastorno por d\u00e9ficit de atenci\u00f3n e hiperactividad (TDAH).<br \/>\nLa sinergia con el \u00e1cido lipoico y el resveratrol convierte a Bacopa Plus en un producto \u00fanico.<\/p>\n","protected":false},"featured_media":3825,"template":"","meta":[],"product_brand":[],"product_cat":[120],"product_tag":[],"class_list":{"0":"post-4264","1":"product","2":"type-product","3":"status-publish","4":"has-post-thumbnail","6":"product_cat-suplementos-dieteticos","8":"first","9":"instock","10":"taxable","11":"shipping-taxable","12":"product-type-simple"},"etheme_brands":{"errors":{"invalid_taxonomy":["Taxonom\u00eda no v\u00e1lida."]},"error_data":[]},"_links":{"self":[{"href":"https:\/\/mfprofissional.com\/es\/wp-json\/wp\/v2\/product\/4264","targetHints":{"allow":["GET"]}}],"collection":[{"href":"https:\/\/mfprofissional.com\/es\/wp-json\/wp\/v2\/product"}],"about":[{"href":"https:\/\/mfprofissional.com\/es\/wp-json\/wp\/v2\/types\/product"}],"version-history":[{"count":1,"href":"https:\/\/mfprofissional.com\/es\/wp-json\/wp\/v2\/product\/4264\/revisions"}],"predecessor-version":[{"id":4271,"href":"https:\/\/mfprofissional.com\/es\/wp-json\/wp\/v2\/product\/4264\/revisions\/4271"}],"wp:featuredmedia":[{"embeddable":true,"href":"https:\/\/mfprofissional.com\/es\/wp-json\/wp\/v2\/media\/3825"}],"wp:attachment":[{"href":"https:\/\/mfprofissional.com\/es\/wp-json\/wp\/v2\/media?parent=4264"}],"wp:term":[{"taxonomy":"product_brand","embeddable":true,"href":"https:\/\/mfprofissional.com\/es\/wp-json\/wp\/v2\/product_brand?post=4264"},{"taxonomy":"product_cat","embeddable":true,"href":"https:\/\/mfprofissional.com\/es\/wp-json\/wp\/v2\/product_cat?post=4264"},{"taxonomy":"product_tag","embeddable":true,"href":"https:\/\/mfprofissional.com\/es\/wp-json\/wp\/v2\/product_tag?post=4264"}],"curies":[{"name":"wp","href":"https:\/\/api.w.org\/{rel}","templated":true}]}}