{"id":4279,"date":"2025-07-22T14:52:44","date_gmt":"2025-07-22T14:52:44","guid":{"rendered":"https:\/\/mfprofissional.com\/loja-online\/sin categor\u00eda\/perfume-12-mujer\/"},"modified":"2025-07-22T14:52:44","modified_gmt":"2025-07-22T14:52:44","slug":"perfume-12-mujer","status":"publish","type":"product","link":"https:\/\/mfprofissional.com\/es\/tienda-en-linea\/perfumes-es\/perfume-12-mujer\/","title":{"rendered":"Perfume 12 &#8211; Mujer"},"content":{"rendered":"<p>Envase: 100 ml<\/p>\n<p>Recomendaciones:<\/p>\n<p>Conservar en lugar fresco y seco<br \/>\nMantener fuera del alcance de los ni\u00f1os<br \/>\nProteger de la luz y del calor<\/p>\n","protected":false},"excerpt":{"rendered":"<p>Un perfume \u00fanico inspirado en la almendra, el coco y la manzana, el jazm\u00edn, el lirio del campo, los brotes de flor de azahar y la vainilla, sobre una base de almizcle, s\u00e1ndalo, algod\u00f3n de az\u00facar y \u00e1mbar.<\/p>\n","protected":false},"featured_media":3774,"template":"","meta":[],"product_brand":[],"product_cat":[118],"product_tag":[],"class_list":{"0":"post-4279","1":"product","2":"type-product","3":"status-publish","4":"has-post-thumbnail","6":"product_cat-perfumes-es","8":"first","9":"instock","10":"taxable","11":"shipping-taxable","12":"product-type-simple"},"etheme_brands":{"errors":{"invalid_taxonomy":["Taxonom\u00eda no v\u00e1lida."]},"error_data":[]},"_links":{"self":[{"href":"https:\/\/mfprofissional.com\/es\/wp-json\/wp\/v2\/product\/4279","targetHints":{"allow":["GET"]}}],"collection":[{"href":"https:\/\/mfprofissional.com\/es\/wp-json\/wp\/v2\/product"}],"about":[{"href":"https:\/\/mfprofissional.com\/es\/wp-json\/wp\/v2\/types\/product"}],"version-history":[{"count":0,"href":"https:\/\/mfprofissional.com\/es\/wp-json\/wp\/v2\/product\/4279\/revisions"}],"wp:featuredmedia":[{"embeddable":true,"href":"https:\/\/mfprofissional.com\/es\/wp-json\/wp\/v2\/media\/3774"}],"wp:attachment":[{"href":"https:\/\/mfprofissional.com\/es\/wp-json\/wp\/v2\/media?parent=4279"}],"wp:term":[{"taxonomy":"product_brand","embeddable":true,"href":"https:\/\/mfprofissional.com\/es\/wp-json\/wp\/v2\/product_brand?post=4279"},{"taxonomy":"product_cat","embeddable":true,"href":"https:\/\/mfprofissional.com\/es\/wp-json\/wp\/v2\/product_cat?post=4279"},{"taxonomy":"product_tag","embeddable":true,"href":"https:\/\/mfprofissional.com\/es\/wp-json\/wp\/v2\/product_tag?post=4279"}],"curies":[{"name":"wp","href":"https:\/\/api.w.org\/{rel}","templated":true}]}}