{"id":4287,"date":"2025-07-22T11:54:44","date_gmt":"2025-07-22T11:54:44","guid":{"rendered":"https:\/\/mfprofissional.com\/loja-online\/sin categor\u00eda\/detox-purific\/"},"modified":"2025-07-22T11:54:44","modified_gmt":"2025-07-22T11:54:44","slug":"detox-purific","status":"publish","type":"product","link":"https:\/\/mfprofissional.com\/es\/tienda-en-linea\/suplementos-dieteticos\/detox-purific\/","title":{"rendered":"Detox Purific"},"content":{"rendered":"<p>Envase: 60 c\u00e1psulas<\/p>\n<p>Recomendaciones:<\/p>\n<p>Conservar en un lugar fresco y seco.<br \/>\nMantener fuera del alcance de los ni\u00f1os.<br \/>\nProteger de la luz y el calor.<\/p>\n","protected":false},"excerpt":{"rendered":"<p>Un h\u00edgado sano es crucial para nuestra salud general, ya que desempe\u00f1a un papel fundamental en el metabolismo de nutrientes, fortaleciendo el sistema inmunitario y, junto con la ves\u00edcula biliar, filtrando diversas sustancias nocivas y eliminando el exceso de grasa.<br \/>\nDETOX PURIFIC contribuye al funcionamiento normal del h\u00edgado al facilitar el proceso de desintoxicaci\u00f3n.<br \/>\nEste suplemento ayuda a eliminar el exceso de grasa del cuerpo, previniendo enfermedades hep\u00e1ticas como la cirrosis y la hepatitis, entre otras, e incluso ayuda a regenerar las c\u00e9lulas hep\u00e1ticas da\u00f1adas.<\/p>\n","protected":false},"featured_media":3748,"template":"","meta":[],"product_brand":[],"product_cat":[120],"product_tag":[],"class_list":{"0":"post-4287","1":"product","2":"type-product","3":"status-publish","4":"has-post-thumbnail","6":"product_cat-suplementos-dieteticos","8":"first","9":"instock","10":"taxable","11":"shipping-taxable","12":"product-type-simple"},"etheme_brands":{"errors":{"invalid_taxonomy":["Taxonom\u00eda no v\u00e1lida."]},"error_data":[]},"_links":{"self":[{"href":"https:\/\/mfprofissional.com\/es\/wp-json\/wp\/v2\/product\/4287","targetHints":{"allow":["GET"]}}],"collection":[{"href":"https:\/\/mfprofissional.com\/es\/wp-json\/wp\/v2\/product"}],"about":[{"href":"https:\/\/mfprofissional.com\/es\/wp-json\/wp\/v2\/types\/product"}],"version-history":[{"count":0,"href":"https:\/\/mfprofissional.com\/es\/wp-json\/wp\/v2\/product\/4287\/revisions"}],"wp:featuredmedia":[{"embeddable":true,"href":"https:\/\/mfprofissional.com\/es\/wp-json\/wp\/v2\/media\/3748"}],"wp:attachment":[{"href":"https:\/\/mfprofissional.com\/es\/wp-json\/wp\/v2\/media?parent=4287"}],"wp:term":[{"taxonomy":"product_brand","embeddable":true,"href":"https:\/\/mfprofissional.com\/es\/wp-json\/wp\/v2\/product_brand?post=4287"},{"taxonomy":"product_cat","embeddable":true,"href":"https:\/\/mfprofissional.com\/es\/wp-json\/wp\/v2\/product_cat?post=4287"},{"taxonomy":"product_tag","embeddable":true,"href":"https:\/\/mfprofissional.com\/es\/wp-json\/wp\/v2\/product_tag?post=4287"}],"curies":[{"name":"wp","href":"https:\/\/api.w.org\/{rel}","templated":true}]}}