{"id":4289,"date":"2025-07-22T11:05:24","date_gmt":"2025-07-22T11:05:24","guid":{"rendered":"https:\/\/mfprofissional.com\/loja-online\/sin categor\u00eda\/venocell\/"},"modified":"2025-07-22T11:05:24","modified_gmt":"2025-07-22T11:05:24","slug":"venocell","status":"publish","type":"product","link":"https:\/\/mfprofissional.com\/es\/tienda-en-linea\/suplementos-dieteticos\/venocell\/","title":{"rendered":"Venocell"},"content":{"rendered":"<p>Envase: 60 c\u00e1psulas<\/p>\n<p>Recomendaciones:<\/p>\n<p>Conservar en un lugar fresco y seco.<br \/>\nMantener fuera del alcance de los ni\u00f1os.<br \/>\nProteger de la luz y el calor.<\/p>\n","protected":false},"excerpt":{"rendered":"<p>VENOCELL es un suplemento diet\u00e9tico que estimula y activa la circulaci\u00f3n sangu\u00ednea, mejorando los problemas circulatorios y la inflamaci\u00f3n resultante, como varices, trombosis y venas varicosas, entre otros. Es un excelente protector de la salud de venas y arterias, mejorando la circulaci\u00f3n sangu\u00ednea y la funci\u00f3n venosa. Adem\u00e1s, aborda un problema com\u00fan asociado con los cambios hormonales que ocurren a lo largo del ciclo vital femenino: la acumulaci\u00f3n de l\u00edquidos y la consiguiente sensaci\u00f3n de aumento de peso y volumen.<br \/>\nEste suplemento es un excelente aliado para combatir la retenci\u00f3n de l\u00edquidos, la p\u00e9rdida de peso y el tratamiento y la prevenci\u00f3n de la celulitis.  <\/p>\n","protected":false},"featured_media":3743,"template":"","meta":[],"product_brand":[],"product_cat":[120],"product_tag":[],"class_list":{"0":"post-4289","1":"product","2":"type-product","3":"status-publish","4":"has-post-thumbnail","6":"product_cat-suplementos-dieteticos","8":"first","9":"instock","10":"taxable","11":"shipping-taxable","12":"product-type-simple"},"etheme_brands":{"errors":{"invalid_taxonomy":["Taxonom\u00eda no v\u00e1lida."]},"error_data":[]},"_links":{"self":[{"href":"https:\/\/mfprofissional.com\/es\/wp-json\/wp\/v2\/product\/4289","targetHints":{"allow":["GET"]}}],"collection":[{"href":"https:\/\/mfprofissional.com\/es\/wp-json\/wp\/v2\/product"}],"about":[{"href":"https:\/\/mfprofissional.com\/es\/wp-json\/wp\/v2\/types\/product"}],"version-history":[{"count":0,"href":"https:\/\/mfprofissional.com\/es\/wp-json\/wp\/v2\/product\/4289\/revisions"}],"wp:featuredmedia":[{"embeddable":true,"href":"https:\/\/mfprofissional.com\/es\/wp-json\/wp\/v2\/media\/3743"}],"wp:attachment":[{"href":"https:\/\/mfprofissional.com\/es\/wp-json\/wp\/v2\/media?parent=4289"}],"wp:term":[{"taxonomy":"product_brand","embeddable":true,"href":"https:\/\/mfprofissional.com\/es\/wp-json\/wp\/v2\/product_brand?post=4289"},{"taxonomy":"product_cat","embeddable":true,"href":"https:\/\/mfprofissional.com\/es\/wp-json\/wp\/v2\/product_cat?post=4289"},{"taxonomy":"product_tag","embeddable":true,"href":"https:\/\/mfprofissional.com\/es\/wp-json\/wp\/v2\/product_tag?post=4289"}],"curies":[{"name":"wp","href":"https:\/\/api.w.org\/{rel}","templated":true}]}}