{"id":4303,"date":"2025-07-21T10:46:44","date_gmt":"2025-07-21T10:46:44","guid":{"rendered":"https:\/\/mfprofissional.com\/loja-online\/sin categor\u00eda\/men-plus\/"},"modified":"2025-07-21T10:46:44","modified_gmt":"2025-07-21T10:46:44","slug":"men-plus","status":"publish","type":"product","link":"https:\/\/mfprofissional.com\/es\/tienda-en-linea\/suplementos-dieteticos\/men-plus\/","title":{"rendered":"Men Plus"},"content":{"rendered":"<p>Envase: 30 sobres<\/p>\n<p>Recomendaciones:<\/p>\n<p>Conservar en un lugar fresco y seco.<br \/>\nMantener fuera del alcance de los ni\u00f1os.<br \/>\nProteger de la luz y el calor.<\/p>\n","protected":false},"excerpt":{"rendered":"<p>Men Plus es una f\u00f3rmula de alta potencia dise\u00f1ada espec\u00edficamente para hombres en sus primeros a\u00f1os de vida, dise\u00f1ada para protegerlos y mantenerlos activos y saludables por mucho m\u00e1s tiempo.<br \/>\nSu principal acci\u00f3n es ayudar a neutralizar los radicales libres en nuestro cuerpo, previniendo as\u00ed el da\u00f1o celular.<br \/>\nSu acci\u00f3n antioxidante se ve reforzada por la vitamina E y el selenio.<br \/>\nEl selenio, adem\u00e1s de ser un mineral antioxidante, es esencial para un desarrollo sexual saludable.<\/p>\n","protected":false},"featured_media":3721,"template":"","meta":[],"product_brand":[],"product_cat":[120],"product_tag":[],"class_list":{"0":"post-4303","1":"product","2":"type-product","3":"status-publish","4":"has-post-thumbnail","6":"product_cat-suplementos-dieteticos","8":"first","9":"instock","10":"taxable","11":"shipping-taxable","12":"product-type-simple"},"etheme_brands":{"errors":{"invalid_taxonomy":["Taxonom\u00eda no v\u00e1lida."]},"error_data":[]},"_links":{"self":[{"href":"https:\/\/mfprofissional.com\/es\/wp-json\/wp\/v2\/product\/4303","targetHints":{"allow":["GET"]}}],"collection":[{"href":"https:\/\/mfprofissional.com\/es\/wp-json\/wp\/v2\/product"}],"about":[{"href":"https:\/\/mfprofissional.com\/es\/wp-json\/wp\/v2\/types\/product"}],"version-history":[{"count":0,"href":"https:\/\/mfprofissional.com\/es\/wp-json\/wp\/v2\/product\/4303\/revisions"}],"wp:featuredmedia":[{"embeddable":true,"href":"https:\/\/mfprofissional.com\/es\/wp-json\/wp\/v2\/media\/3721"}],"wp:attachment":[{"href":"https:\/\/mfprofissional.com\/es\/wp-json\/wp\/v2\/media?parent=4303"}],"wp:term":[{"taxonomy":"product_brand","embeddable":true,"href":"https:\/\/mfprofissional.com\/es\/wp-json\/wp\/v2\/product_brand?post=4303"},{"taxonomy":"product_cat","embeddable":true,"href":"https:\/\/mfprofissional.com\/es\/wp-json\/wp\/v2\/product_cat?post=4303"},{"taxonomy":"product_tag","embeddable":true,"href":"https:\/\/mfprofissional.com\/es\/wp-json\/wp\/v2\/product_tag?post=4303"}],"curies":[{"name":"wp","href":"https:\/\/api.w.org\/{rel}","templated":true}]}}