{"id":4322,"date":"2025-07-21T10:12:03","date_gmt":"2025-07-21T10:12:03","guid":{"rendered":"https:\/\/mfprofissional.com\/loja-online\/sin%20categor\u00eda\/oxi\/"},"modified":"2025-08-08T14:54:14","modified_gmt":"2025-08-08T14:54:14","slug":"oxi","status":"publish","type":"product","link":"https:\/\/mfprofissional.com\/es\/tienda-en-linea\/suplementos-dieteticos\/oxi\/","title":{"rendered":"Oxi++"},"content":{"rendered":"<p>Presentaci\u00f3n: 15 o 30 sobres<\/p>\n<p>Recomendaciones:<\/p>\n<p>Conservar en un lugar fresco y seco.<br \/>\nMantener fuera del alcance de los ni\u00f1os.<br \/>\nProteger de la luz y el calor.<\/p>\n","protected":false},"excerpt":{"rendered":"<p>OXI ++ es un suplemento cuya sinergia garantiza un alto poder antioxidante. Tambi\u00e9n act\u00faa como antiinflamatorio, reduciendo eficazmente la inflamaci\u00f3n cr\u00f3nica. Adem\u00e1s, estimula la circulaci\u00f3n sangu\u00ednea y la oxigenaci\u00f3n tisular, reduciendo problemas como la hipertensi\u00f3n y las varices, entre otros. Este suplemento diet\u00e9tico tambi\u00e9n estimula la producci\u00f3n de probi\u00f3ticos, regulando as\u00ed la microbiota intestinal y el sistema digestivo, cuyo buen funcionamiento es esencial para nuestro bienestar y salud.<\/p>\n","protected":false},"featured_media":3695,"template":"","meta":[],"product_brand":[],"product_cat":[120],"product_tag":[],"class_list":{"0":"post-4322","1":"product","2":"type-product","3":"status-publish","4":"has-post-thumbnail","6":"product_cat-suplementos-dieteticos","8":"first","9":"instock","10":"taxable","11":"shipping-taxable","12":"product-type-variable"},"etheme_brands":{"errors":{"invalid_taxonomy":["Taxonom\u00eda no v\u00e1lida."]},"error_data":[]},"_links":{"self":[{"href":"https:\/\/mfprofissional.com\/es\/wp-json\/wp\/v2\/product\/4322","targetHints":{"allow":["GET"]}}],"collection":[{"href":"https:\/\/mfprofissional.com\/es\/wp-json\/wp\/v2\/product"}],"about":[{"href":"https:\/\/mfprofissional.com\/es\/wp-json\/wp\/v2\/types\/product"}],"version-history":[{"count":1,"href":"https:\/\/mfprofissional.com\/es\/wp-json\/wp\/v2\/product\/4322\/revisions"}],"predecessor-version":[{"id":4324,"href":"https:\/\/mfprofissional.com\/es\/wp-json\/wp\/v2\/product\/4322\/revisions\/4324"}],"wp:featuredmedia":[{"embeddable":true,"href":"https:\/\/mfprofissional.com\/es\/wp-json\/wp\/v2\/media\/3695"}],"wp:attachment":[{"href":"https:\/\/mfprofissional.com\/es\/wp-json\/wp\/v2\/media?parent=4322"}],"wp:term":[{"taxonomy":"product_brand","embeddable":true,"href":"https:\/\/mfprofissional.com\/es\/wp-json\/wp\/v2\/product_brand?post=4322"},{"taxonomy":"product_cat","embeddable":true,"href":"https:\/\/mfprofissional.com\/es\/wp-json\/wp\/v2\/product_cat?post=4322"},{"taxonomy":"product_tag","embeddable":true,"href":"https:\/\/mfprofissional.com\/es\/wp-json\/wp\/v2\/product_tag?post=4322"}],"curies":[{"name":"wp","href":"https:\/\/api.w.org\/{rel}","templated":true}]}}