{"id":4334,"date":"2025-07-18T17:32:22","date_gmt":"2025-07-18T17:32:22","guid":{"rendered":"https:\/\/mfprofissional.com\/loja-online\/sin categor\u00eda\/saudear\/"},"modified":"2025-07-18T17:32:22","modified_gmt":"2025-07-18T17:32:22","slug":"saudear","status":"publish","type":"product","link":"https:\/\/mfprofissional.com\/es\/tienda-en-linea\/aromaterapia-es\/saudear\/","title":{"rendered":"Saudear"},"content":{"rendered":"<p>Envase: 30 ml<\/p>\n<p>Recomendaciones:<\/p>\n<p>Conservar en un lugar fresco y seco.<br \/>\nMantener fuera del alcance de los ni\u00f1os.<br \/>\nProteger de la luz y el calor.<\/p>\n","protected":false},"excerpt":{"rendered":"<p>Purifica el aire, renovando el cuerpo gracias a sus propiedades calmantes y relajantes.<br \/>\nContiene aceites esenciales de tomillo, niaul\u00ed, eucalipto, laurel, clavo, \u00e1rbol de t\u00e9, lavanda y tilo.<br \/>\nRecomendado para dormitorios y entornos de trabajo.<\/p>\n","protected":false},"featured_media":3666,"template":"","meta":[],"product_brand":[],"product_cat":[106],"product_tag":[],"class_list":{"0":"post-4334","1":"product","2":"type-product","3":"status-publish","4":"has-post-thumbnail","6":"product_cat-aromaterapia-es","8":"first","9":"instock","10":"taxable","11":"shipping-taxable","12":"product-type-simple"},"etheme_brands":{"errors":{"invalid_taxonomy":["Taxonom\u00eda no v\u00e1lida."]},"error_data":[]},"_links":{"self":[{"href":"https:\/\/mfprofissional.com\/es\/wp-json\/wp\/v2\/product\/4334","targetHints":{"allow":["GET"]}}],"collection":[{"href":"https:\/\/mfprofissional.com\/es\/wp-json\/wp\/v2\/product"}],"about":[{"href":"https:\/\/mfprofissional.com\/es\/wp-json\/wp\/v2\/types\/product"}],"version-history":[{"count":0,"href":"https:\/\/mfprofissional.com\/es\/wp-json\/wp\/v2\/product\/4334\/revisions"}],"wp:featuredmedia":[{"embeddable":true,"href":"https:\/\/mfprofissional.com\/es\/wp-json\/wp\/v2\/media\/3666"}],"wp:attachment":[{"href":"https:\/\/mfprofissional.com\/es\/wp-json\/wp\/v2\/media?parent=4334"}],"wp:term":[{"taxonomy":"product_brand","embeddable":true,"href":"https:\/\/mfprofissional.com\/es\/wp-json\/wp\/v2\/product_brand?post=4334"},{"taxonomy":"product_cat","embeddable":true,"href":"https:\/\/mfprofissional.com\/es\/wp-json\/wp\/v2\/product_cat?post=4334"},{"taxonomy":"product_tag","embeddable":true,"href":"https:\/\/mfprofissional.com\/es\/wp-json\/wp\/v2\/product_tag?post=4334"}],"curies":[{"name":"wp","href":"https:\/\/api.w.org\/{rel}","templated":true}]}}