{"id":4355,"date":"2025-07-18T15:52:20","date_gmt":"2025-07-18T15:52:20","guid":{"rendered":"https:\/\/mfprofissional.com\/loja-online\/sin categor\u00eda\/crema-reafirmante\/"},"modified":"2025-07-18T15:52:20","modified_gmt":"2025-07-18T15:52:20","slug":"crema-reafirmante","status":"publish","type":"product","link":"https:\/\/mfprofissional.com\/es\/tienda-en-linea\/home-care-rostro\/crema-reafirmante\/","title":{"rendered":"Crema reafirmante"},"content":{"rendered":"<p>Envase: 50 ml<br \/>\nRecomendaciones:<br \/>\nConservar en un lugar fresco y seco.<br \/>\nMantener fuera del alcance de los ni\u00f1os.<br \/>\nProteger de la luz y el calor.<\/p>\n","protected":false},"excerpt":{"rendered":"<p>Crema hidratante y reafirmante concentrada con efecto tensor y regenerador, que contiene DMAE altamente concentrado, un potente aliado en tratamientos antiedad.<br \/>\nCombate los signos de la edad como arrugas, flacidez, imperfecciones y ojeras, dejando la piel incre\u00edblemente suave.<br \/>\nEnriquecida con vitamina E, aloe vera, aguacate, semilla de uva y escualano. Con el uso regular, se obtienen resultados duraderos en la reducci\u00f3n de la flacidez del contorno de ojos y p\u00e1rpados, adem\u00e1s de mejorar la elasticidad y firmeza del rostro y el cuello. <\/p>\n","protected":false},"featured_media":3614,"template":"","meta":[],"product_brand":[],"product_cat":[116],"product_tag":[],"class_list":{"0":"post-4355","1":"product","2":"type-product","3":"status-publish","4":"has-post-thumbnail","6":"product_cat-home-care-rostro","8":"first","9":"instock","10":"taxable","11":"shipping-taxable","12":"product-type-simple"},"etheme_brands":{"errors":{"invalid_taxonomy":["Taxonom\u00eda no v\u00e1lida."]},"error_data":[]},"_links":{"self":[{"href":"https:\/\/mfprofissional.com\/es\/wp-json\/wp\/v2\/product\/4355","targetHints":{"allow":["GET"]}}],"collection":[{"href":"https:\/\/mfprofissional.com\/es\/wp-json\/wp\/v2\/product"}],"about":[{"href":"https:\/\/mfprofissional.com\/es\/wp-json\/wp\/v2\/types\/product"}],"version-history":[{"count":0,"href":"https:\/\/mfprofissional.com\/es\/wp-json\/wp\/v2\/product\/4355\/revisions"}],"wp:featuredmedia":[{"embeddable":true,"href":"https:\/\/mfprofissional.com\/es\/wp-json\/wp\/v2\/media\/3614"}],"wp:attachment":[{"href":"https:\/\/mfprofissional.com\/es\/wp-json\/wp\/v2\/media?parent=4355"}],"wp:term":[{"taxonomy":"product_brand","embeddable":true,"href":"https:\/\/mfprofissional.com\/es\/wp-json\/wp\/v2\/product_brand?post=4355"},{"taxonomy":"product_cat","embeddable":true,"href":"https:\/\/mfprofissional.com\/es\/wp-json\/wp\/v2\/product_cat?post=4355"},{"taxonomy":"product_tag","embeddable":true,"href":"https:\/\/mfprofissional.com\/es\/wp-json\/wp\/v2\/product_tag?post=4355"}],"curies":[{"name":"wp","href":"https:\/\/api.w.org\/{rel}","templated":true}]}}