{"id":4381,"date":"2025-07-17T18:22:08","date_gmt":"2025-07-17T18:22:08","guid":{"rendered":"https:\/\/mfprofissional.com\/loja-online\/sin categor\u00eda\/gel-de-balsamo-fuerte\/"},"modified":"2025-07-17T18:22:08","modified_gmt":"2025-07-17T18:22:08","slug":"gel-de-balsamo-fuerte","status":"publish","type":"product","link":"https:\/\/mfprofissional.com\/es\/tienda-en-linea\/home-care-cuerpo\/gel-de-balsamo-fuerte\/","title":{"rendered":"Gel de b\u00e1lsamo fuerte"},"content":{"rendered":"<p>Envase: 200 ml<br \/>\nRecomendaciones:<br \/>\nConservar en un lugar fresco y seco.<br \/>\nMantener fuera del alcance de los ni\u00f1os.<br \/>\nProteger de la luz y el calor.<\/p>\n","protected":false},"excerpt":{"rendered":"<p>Producto formulado para brindar una sensaci\u00f3n de bienestar.<br \/>\nAyuda a aliviar la sensaci\u00f3n de fatiga y tensi\u00f3n muscular.<br \/>\nF\u00f3rmula concentrada y enriquecida con aceites esenciales de verbena, enebro, salvia, \u00e1rbol de t\u00e9, romero, eucalipto, pino, clavo, jengibre y extractos de prop\u00f3leo, harpagofito y \u00e1rnica. Contiene salicilato, alcanfor y mentol. <\/p>\n","protected":false},"featured_media":3516,"template":"","meta":[],"product_brand":[],"product_cat":[114],"product_tag":[],"class_list":{"0":"post-4381","1":"product","2":"type-product","3":"status-publish","4":"has-post-thumbnail","6":"product_cat-home-care-cuerpo","8":"first","9":"instock","10":"taxable","11":"shipping-taxable","12":"product-type-simple"},"etheme_brands":{"errors":{"invalid_taxonomy":["Taxonom\u00eda no v\u00e1lida."]},"error_data":[]},"_links":{"self":[{"href":"https:\/\/mfprofissional.com\/es\/wp-json\/wp\/v2\/product\/4381","targetHints":{"allow":["GET"]}}],"collection":[{"href":"https:\/\/mfprofissional.com\/es\/wp-json\/wp\/v2\/product"}],"about":[{"href":"https:\/\/mfprofissional.com\/es\/wp-json\/wp\/v2\/types\/product"}],"version-history":[{"count":0,"href":"https:\/\/mfprofissional.com\/es\/wp-json\/wp\/v2\/product\/4381\/revisions"}],"wp:featuredmedia":[{"embeddable":true,"href":"https:\/\/mfprofissional.com\/es\/wp-json\/wp\/v2\/media\/3516"}],"wp:attachment":[{"href":"https:\/\/mfprofissional.com\/es\/wp-json\/wp\/v2\/media?parent=4381"}],"wp:term":[{"taxonomy":"product_brand","embeddable":true,"href":"https:\/\/mfprofissional.com\/es\/wp-json\/wp\/v2\/product_brand?post=4381"},{"taxonomy":"product_cat","embeddable":true,"href":"https:\/\/mfprofissional.com\/es\/wp-json\/wp\/v2\/product_cat?post=4381"},{"taxonomy":"product_tag","embeddable":true,"href":"https:\/\/mfprofissional.com\/es\/wp-json\/wp\/v2\/product_tag?post=4381"}],"curies":[{"name":"wp","href":"https:\/\/api.w.org\/{rel}","templated":true}]}}