{"id":4383,"date":"2025-07-17T18:16:53","date_gmt":"2025-07-17T18:16:53","guid":{"rendered":"https:\/\/mfprofissional.com\/loja-online\/sin categor\u00eda\/gel-especial-para-piernas\/"},"modified":"2025-07-17T18:16:53","modified_gmt":"2025-07-17T18:16:53","slug":"gel-especial-para-piernas","status":"publish","type":"product","link":"https:\/\/mfprofissional.com\/es\/tienda-en-linea\/home-care-cuerpo\/gel-especial-para-piernas\/","title":{"rendered":"Gel especial para piernas"},"content":{"rendered":"<p>Envase: 250 ml<br \/>\nRecomendaciones:<br \/>\nConservar en un lugar fresco y seco.<br \/>\nMantener fuera del alcance de los ni\u00f1os.<br \/>\nProteger de la luz y el calor.<\/p>\n","protected":false},"excerpt":{"rendered":"<p>Un gel hidratante refrescante formulado con aceites esenciales de menta, lim\u00f3n, jengibre, geranio, eucalipto y romero, concentrados en extractos de hamamelis, cardo mariano, casta\u00f1o de Indias y \u00e1rnica.<br \/>\nFavorece la relajaci\u00f3n y tonificaci\u00f3n de las piernas cansadas.<\/p>\n","protected":false},"featured_media":3509,"template":"","meta":[],"product_brand":[],"product_cat":[114],"product_tag":[],"class_list":{"0":"post-4383","1":"product","2":"type-product","3":"status-publish","4":"has-post-thumbnail","6":"product_cat-home-care-cuerpo","8":"first","9":"instock","10":"taxable","11":"shipping-taxable","12":"product-type-simple"},"etheme_brands":{"errors":{"invalid_taxonomy":["Taxonom\u00eda no v\u00e1lida."]},"error_data":[]},"_links":{"self":[{"href":"https:\/\/mfprofissional.com\/es\/wp-json\/wp\/v2\/product\/4383","targetHints":{"allow":["GET"]}}],"collection":[{"href":"https:\/\/mfprofissional.com\/es\/wp-json\/wp\/v2\/product"}],"about":[{"href":"https:\/\/mfprofissional.com\/es\/wp-json\/wp\/v2\/types\/product"}],"version-history":[{"count":0,"href":"https:\/\/mfprofissional.com\/es\/wp-json\/wp\/v2\/product\/4383\/revisions"}],"wp:featuredmedia":[{"embeddable":true,"href":"https:\/\/mfprofissional.com\/es\/wp-json\/wp\/v2\/media\/3509"}],"wp:attachment":[{"href":"https:\/\/mfprofissional.com\/es\/wp-json\/wp\/v2\/media?parent=4383"}],"wp:term":[{"taxonomy":"product_brand","embeddable":true,"href":"https:\/\/mfprofissional.com\/es\/wp-json\/wp\/v2\/product_brand?post=4383"},{"taxonomy":"product_cat","embeddable":true,"href":"https:\/\/mfprofissional.com\/es\/wp-json\/wp\/v2\/product_cat?post=4383"},{"taxonomy":"product_tag","embeddable":true,"href":"https:\/\/mfprofissional.com\/es\/wp-json\/wp\/v2\/product_tag?post=4383"}],"curies":[{"name":"wp","href":"https:\/\/api.w.org\/{rel}","templated":true}]}}