{"id":4395,"date":"2025-07-10T17:18:05","date_gmt":"2025-07-10T17:18:05","guid":{"rendered":"https:\/\/mfprofissional.com\/loja-online\/sin categor\u00eda\/gel-exfoliante-facial\/"},"modified":"2025-07-10T17:18:05","modified_gmt":"2025-07-10T17:18:05","slug":"gel-exfoliante-facial","status":"publish","type":"product","link":"https:\/\/mfprofissional.com\/es\/tienda-en-linea\/gabinete-rostro\/gel-exfoliante-facial\/","title":{"rendered":"Gel Exfoliante Facial"},"content":{"rendered":"<p>Envase: 100 ml<br \/>\n<strong>Recomendaciones:<\/strong><br \/>\nConservar en lugar fresco y seco<br \/>\nMantener fuera del alcance de los ni\u00f1os<br \/>\nProteger de la luz y del calor<\/p>\n","protected":false},"excerpt":{"rendered":"<p>Un gel exfoliante fino y suave con microgr\u00e1nulos de bamb\u00fa, AHA (\u00e1cido glic\u00f3lico) y aloe vera. Tiene una doble acci\u00f3n exfoliante: por un lado, la reacci\u00f3n con los AHA y, por otro, la acci\u00f3n f\u00edsica de los microgr\u00e1nulos de bamb\u00fa, que act\u00faan como una fina lija, eliminando las c\u00e9lulas muertas y suavizando la piel.<br \/>\nFormulado sin aceites, este exfoliante es perfectamente compatible con todo tipo de piel. <\/p>\n","protected":false},"featured_media":3371,"template":"","meta":[],"product_brand":[],"product_cat":[112],"product_tag":[],"class_list":{"0":"post-4395","1":"product","2":"type-product","3":"status-publish","4":"has-post-thumbnail","6":"product_cat-gabinete-rostro","8":"first","9":"instock","10":"taxable","11":"shipping-taxable","12":"product-type-simple"},"etheme_brands":{"errors":{"invalid_taxonomy":["Taxonom\u00eda no v\u00e1lida."]},"error_data":[]},"_links":{"self":[{"href":"https:\/\/mfprofissional.com\/es\/wp-json\/wp\/v2\/product\/4395","targetHints":{"allow":["GET"]}}],"collection":[{"href":"https:\/\/mfprofissional.com\/es\/wp-json\/wp\/v2\/product"}],"about":[{"href":"https:\/\/mfprofissional.com\/es\/wp-json\/wp\/v2\/types\/product"}],"version-history":[{"count":0,"href":"https:\/\/mfprofissional.com\/es\/wp-json\/wp\/v2\/product\/4395\/revisions"}],"wp:featuredmedia":[{"embeddable":true,"href":"https:\/\/mfprofissional.com\/es\/wp-json\/wp\/v2\/media\/3371"}],"wp:attachment":[{"href":"https:\/\/mfprofissional.com\/es\/wp-json\/wp\/v2\/media?parent=4395"}],"wp:term":[{"taxonomy":"product_brand","embeddable":true,"href":"https:\/\/mfprofissional.com\/es\/wp-json\/wp\/v2\/product_brand?post=4395"},{"taxonomy":"product_cat","embeddable":true,"href":"https:\/\/mfprofissional.com\/es\/wp-json\/wp\/v2\/product_cat?post=4395"},{"taxonomy":"product_tag","embeddable":true,"href":"https:\/\/mfprofissional.com\/es\/wp-json\/wp\/v2\/product_tag?post=4395"}],"curies":[{"name":"wp","href":"https:\/\/api.w.org\/{rel}","templated":true}]}}