{"id":4402,"date":"2025-06-27T09:57:45","date_gmt":"2025-06-27T09:57:45","guid":{"rendered":"https:\/\/mfprofissional.com\/loja-online\/sin categor\u00eda\/gel-limpiador-facial\/"},"modified":"2025-06-27T09:57:45","modified_gmt":"2025-06-27T09:57:45","slug":"gel-limpiador-facial","status":"publish","type":"product","link":"https:\/\/mfprofissional.com\/es\/tienda-en-linea\/home-care-rostro\/gel-limpiador-facial\/","title":{"rendered":"Gel limpiador facial"},"content":{"rendered":"<p>Envase: 200 ml o 100 ml (Viaje)<br \/>\nRecomendaciones:<br \/>\nConservar en un lugar fresco y seco.<br \/>\nMantener fuera del alcance de los ni\u00f1os.<br \/>\nProteger de la luz y el calor.<\/p>\n","protected":false},"excerpt":{"rendered":"<p>Con una textura fluida de gel-crema, ultrasuave, para una limpieza eficaz del rostro y el cuello, a base de ingredientes activos hidratantes y naturales altamente compatibles con la piel.<br \/>\nCon extracto de manzanilla, aloe vera, \u00e1cido hialur\u00f3nico, aceite de oliva y aceite de Inca, enriquecido con ceramidas, vitamina E, bisabolol, lecitina y ecto\u00edna.<br \/>\nUn tacto sedoso que limpia, cuida y protege incluso las pieles m\u00e1s sensibles.<br \/>\nSu f\u00f3rmula es tan suave que puede usarse en la delicada zona del contorno de ojos.<\/p>\n","protected":false},"featured_media":3559,"template":"","meta":[],"product_brand":[],"product_cat":[116],"product_tag":[],"class_list":{"0":"post-4402","1":"product","2":"type-product","3":"status-publish","4":"has-post-thumbnail","6":"product_cat-home-care-rostro","8":"first","9":"instock","10":"taxable","11":"shipping-taxable","12":"product-type-variable"},"etheme_brands":{"errors":{"invalid_taxonomy":["Taxonom\u00eda no v\u00e1lida."]},"error_data":[]},"_links":{"self":[{"href":"https:\/\/mfprofissional.com\/es\/wp-json\/wp\/v2\/product\/4402","targetHints":{"allow":["GET"]}}],"collection":[{"href":"https:\/\/mfprofissional.com\/es\/wp-json\/wp\/v2\/product"}],"about":[{"href":"https:\/\/mfprofissional.com\/es\/wp-json\/wp\/v2\/types\/product"}],"version-history":[{"count":0,"href":"https:\/\/mfprofissional.com\/es\/wp-json\/wp\/v2\/product\/4402\/revisions"}],"wp:featuredmedia":[{"embeddable":true,"href":"https:\/\/mfprofissional.com\/es\/wp-json\/wp\/v2\/media\/3559"}],"wp:attachment":[{"href":"https:\/\/mfprofissional.com\/es\/wp-json\/wp\/v2\/media?parent=4402"}],"wp:term":[{"taxonomy":"product_brand","embeddable":true,"href":"https:\/\/mfprofissional.com\/es\/wp-json\/wp\/v2\/product_brand?post=4402"},{"taxonomy":"product_cat","embeddable":true,"href":"https:\/\/mfprofissional.com\/es\/wp-json\/wp\/v2\/product_cat?post=4402"},{"taxonomy":"product_tag","embeddable":true,"href":"https:\/\/mfprofissional.com\/es\/wp-json\/wp\/v2\/product_tag?post=4402"}],"curies":[{"name":"wp","href":"https:\/\/api.w.org\/{rel}","templated":true}]}}