{"id":4413,"date":"2025-06-27T09:56:58","date_gmt":"2025-06-27T09:56:58","guid":{"rendered":"https:\/\/mfprofissional.com\/loja-online\/sin categor\u00eda\/crema-estimulante-anticelulitica\/"},"modified":"2025-06-27T09:56:58","modified_gmt":"2025-06-27T09:56:58","slug":"crema-estimulante-anticelulitica","status":"publish","type":"product","link":"https:\/\/mfprofissional.com\/es\/tienda-en-linea\/gabinete-cuerpo\/crema-estimulante-anticelulitica\/","title":{"rendered":"Crema estimulante anticelul\u00edtica"},"content":{"rendered":"<p>Envase: 500 ml<br \/>\n<strong>Recomendaciones:<\/strong><br \/>\nConservar en un lugar fresco y seco.<br \/>\nMantener fuera del alcance de los ni\u00f1os.<br \/>\nProteger de la luz y el calor.<\/p>\n","protected":false},"excerpt":{"rendered":"<p>Emulsi\u00f3n muy rica con liposomas de alta penetraci\u00f3n y efecto t\u00e9rmico.<\/p>\n<p>Formulado con los \u00faltimos ingredientes activos anticelul\u00edticos naturales.<\/p>\n<p>El hidrolizado de hojas de drosera ha demostrado resultados con una importante actividad lipol\u00edtica, reductora de volumen y anticelul\u00edtica.<\/p>\n<p>Su f\u00f3rmula distintiva tambi\u00e9n combina otros ingredientes activos como cafe\u00edna, yodo org\u00e1nico, caf\u00e9 verde, escina, extracto de ruscus, extracto de centella asi\u00e1tica, carnitina y aceite esencial de naranja amarga.<\/p>\n<p>La drosera es uno de los \u00faltimos avances en medicina anticelul\u00edtica eficaz. Es una planta carn\u00edvora con propiedades lipol\u00edticas y reductoras. <\/p>\n","protected":false},"featured_media":3435,"template":"","meta":[],"product_brand":[],"product_cat":[110,114],"product_tag":[],"class_list":{"0":"post-4413","1":"product","2":"type-product","3":"status-publish","4":"has-post-thumbnail","6":"product_cat-gabinete-cuerpo","7":"product_cat-home-care-cuerpo","9":"first","10":"instock","11":"taxable","12":"shipping-taxable","13":"product-type-simple"},"etheme_brands":{"errors":{"invalid_taxonomy":["Taxonom\u00eda no v\u00e1lida."]},"error_data":[]},"_links":{"self":[{"href":"https:\/\/mfprofissional.com\/es\/wp-json\/wp\/v2\/product\/4413","targetHints":{"allow":["GET"]}}],"collection":[{"href":"https:\/\/mfprofissional.com\/es\/wp-json\/wp\/v2\/product"}],"about":[{"href":"https:\/\/mfprofissional.com\/es\/wp-json\/wp\/v2\/types\/product"}],"version-history":[{"count":0,"href":"https:\/\/mfprofissional.com\/es\/wp-json\/wp\/v2\/product\/4413\/revisions"}],"wp:featuredmedia":[{"embeddable":true,"href":"https:\/\/mfprofissional.com\/es\/wp-json\/wp\/v2\/media\/3435"}],"wp:attachment":[{"href":"https:\/\/mfprofissional.com\/es\/wp-json\/wp\/v2\/media?parent=4413"}],"wp:term":[{"taxonomy":"product_brand","embeddable":true,"href":"https:\/\/mfprofissional.com\/es\/wp-json\/wp\/v2\/product_brand?post=4413"},{"taxonomy":"product_cat","embeddable":true,"href":"https:\/\/mfprofissional.com\/es\/wp-json\/wp\/v2\/product_cat?post=4413"},{"taxonomy":"product_tag","embeddable":true,"href":"https:\/\/mfprofissional.com\/es\/wp-json\/wp\/v2\/product_tag?post=4413"}],"curies":[{"name":"wp","href":"https:\/\/api.w.org\/{rel}","templated":true}]}}