{"id":4415,"date":"2025-06-27T09:56:58","date_gmt":"2025-06-27T09:56:58","guid":{"rendered":"https:\/\/mfprofissional.com\/loja-online\/sin categor\u00eda\/sales-de-bano-pies\/"},"modified":"2025-06-27T09:56:58","modified_gmt":"2025-06-27T09:56:58","slug":"sales-de-bano-pies","status":"publish","type":"product","link":"https:\/\/mfprofissional.com\/es\/tienda-en-linea\/gabinete-cuerpo\/sales-de-bano-pies\/","title":{"rendered":"Sales de ba\u00f1o &#8211; Pies"},"content":{"rendered":"<p>Envase: 800 gramos<br \/>\nRecomendaciones:<br \/>\nConservar en un lugar fresco y seco.<br \/>\nMantener fuera del alcance de los ni\u00f1os.<br \/>\nProteger de la luz y el calor.<\/p>\n","protected":false},"excerpt":{"rendered":"<p>Ideas para promover la relajaci\u00f3n y con acci\u00f3n aromaterap\u00e9utica, estas sales fueron formuladas con una base equilibrada de sal marina, sal de Epsom y aceites esenciales de menta, romero y verbena.<\/p>\n","protected":false},"featured_media":3480,"template":"","meta":[],"product_brand":[],"product_cat":[110],"product_tag":[],"class_list":{"0":"post-4415","1":"product","2":"type-product","3":"status-publish","4":"has-post-thumbnail","6":"product_cat-gabinete-cuerpo","8":"first","9":"instock","10":"taxable","11":"shipping-taxable","12":"product-type-simple"},"etheme_brands":{"errors":{"invalid_taxonomy":["Taxonom\u00eda no v\u00e1lida."]},"error_data":[]},"_links":{"self":[{"href":"https:\/\/mfprofissional.com\/es\/wp-json\/wp\/v2\/product\/4415","targetHints":{"allow":["GET"]}}],"collection":[{"href":"https:\/\/mfprofissional.com\/es\/wp-json\/wp\/v2\/product"}],"about":[{"href":"https:\/\/mfprofissional.com\/es\/wp-json\/wp\/v2\/types\/product"}],"version-history":[{"count":0,"href":"https:\/\/mfprofissional.com\/es\/wp-json\/wp\/v2\/product\/4415\/revisions"}],"wp:featuredmedia":[{"embeddable":true,"href":"https:\/\/mfprofissional.com\/es\/wp-json\/wp\/v2\/media\/3480"}],"wp:attachment":[{"href":"https:\/\/mfprofissional.com\/es\/wp-json\/wp\/v2\/media?parent=4415"}],"wp:term":[{"taxonomy":"product_brand","embeddable":true,"href":"https:\/\/mfprofissional.com\/es\/wp-json\/wp\/v2\/product_brand?post=4415"},{"taxonomy":"product_cat","embeddable":true,"href":"https:\/\/mfprofissional.com\/es\/wp-json\/wp\/v2\/product_cat?post=4415"},{"taxonomy":"product_tag","embeddable":true,"href":"https:\/\/mfprofissional.com\/es\/wp-json\/wp\/v2\/product_tag?post=4415"}],"curies":[{"name":"wp","href":"https:\/\/api.w.org\/{rel}","templated":true}]}}