{"id":4417,"date":"2025-06-27T09:56:58","date_gmt":"2025-06-27T09:56:58","guid":{"rendered":"https:\/\/mfprofissional.com\/loja-online\/sin categor\u00eda\/gel-termico\/"},"modified":"2025-06-27T09:56:58","modified_gmt":"2025-06-27T09:56:58","slug":"gel-termico","status":"publish","type":"product","link":"https:\/\/mfprofissional.com\/es\/tienda-en-linea\/gabinete-cuerpo\/gel-termico\/","title":{"rendered":"Gel T\u00e9rmico"},"content":{"rendered":"<p>Envase: 500 ml<br \/>\nRecomendaciones:<br \/>\nConservar en un lugar fresco y seco.<br \/>\nMantener fuera del alcance de los ni\u00f1os.<br \/>\nProteger de la luz y el calor.<\/p>\n","protected":false},"excerpt":{"rendered":"<p>Gel termal con potentes ingredientes activos anticelul\u00edticos, cafe\u00edna y mango africano.<br \/>\nPuede producirse enrojecimiento, en mayor o menor medida, seg\u00fan el tipo de piel. Este efecto t\u00e9rmico potencia la acci\u00f3n del producto y desaparece despu\u00e9s de 15 a 20 minutos.<br \/>\nTras la aplicaci\u00f3n, l\u00e1vese bien las manos.<br \/>\nComplementa el tratamiento anticelul\u00edtico con otros potentes ingredientes activos como yodo org\u00e1nico, extracto de alga fucus, extracto de caf\u00e9 verde y mango africano.<br \/>\nEl mango africano es otro ingrediente activo reciente que, al igual que el caf\u00e9 verde, posee propiedades termog\u00e9nicas, antiinflamatorias e inductoras de la lip\u00f3lisis. <\/p>\n","protected":false},"featured_media":3455,"template":"","meta":[],"product_brand":[],"product_cat":[110],"product_tag":[],"class_list":{"0":"post-4417","1":"product","2":"type-product","3":"status-publish","4":"has-post-thumbnail","6":"product_cat-gabinete-cuerpo","8":"first","9":"instock","10":"taxable","11":"shipping-taxable","12":"product-type-simple"},"etheme_brands":{"errors":{"invalid_taxonomy":["Taxonom\u00eda no v\u00e1lida."]},"error_data":[]},"_links":{"self":[{"href":"https:\/\/mfprofissional.com\/es\/wp-json\/wp\/v2\/product\/4417","targetHints":{"allow":["GET"]}}],"collection":[{"href":"https:\/\/mfprofissional.com\/es\/wp-json\/wp\/v2\/product"}],"about":[{"href":"https:\/\/mfprofissional.com\/es\/wp-json\/wp\/v2\/types\/product"}],"version-history":[{"count":0,"href":"https:\/\/mfprofissional.com\/es\/wp-json\/wp\/v2\/product\/4417\/revisions"}],"wp:featuredmedia":[{"embeddable":true,"href":"https:\/\/mfprofissional.com\/es\/wp-json\/wp\/v2\/media\/3455"}],"wp:attachment":[{"href":"https:\/\/mfprofissional.com\/es\/wp-json\/wp\/v2\/media?parent=4417"}],"wp:term":[{"taxonomy":"product_brand","embeddable":true,"href":"https:\/\/mfprofissional.com\/es\/wp-json\/wp\/v2\/product_brand?post=4417"},{"taxonomy":"product_cat","embeddable":true,"href":"https:\/\/mfprofissional.com\/es\/wp-json\/wp\/v2\/product_cat?post=4417"},{"taxonomy":"product_tag","embeddable":true,"href":"https:\/\/mfprofissional.com\/es\/wp-json\/wp\/v2\/product_tag?post=4417"}],"curies":[{"name":"wp","href":"https:\/\/api.w.org\/{rel}","templated":true}]}}