{"id":4421,"date":"2023-08-22T22:52:26","date_gmt":"2023-08-22T22:52:26","guid":{"rendered":"https:\/\/mfprofissional.com\/loja-online\/sin categor\u00eda\/mascarilla-facial-de-clorella-y-aloe-vera\/"},"modified":"2023-08-22T22:52:26","modified_gmt":"2023-08-22T22:52:26","slug":"mascarilla-facial-de-clorella-y-aloe-vera","status":"publish","type":"product","link":"https:\/\/mfprofissional.com\/es\/tienda-en-linea\/gabinete-rostro\/mascarilla-facial-de-clorella-y-aloe-vera\/","title":{"rendered":"Mascarilla facial de clorella y aloe vera"},"content":{"rendered":"<p>Envase: 200 gramos<br \/>\nRecomendaciones:<br \/>\nConservar en un lugar fresco y seco.<br \/>\nMantener fuera del alcance de los ni\u00f1os.<br \/>\nProteger de la luz y el calor.<\/p>\n","protected":false},"excerpt":{"rendered":"<p>Una mascarilla facial \u00fanica en polvo a base de arcilla, concentrada en alga clorella, aloe vera, xilitol y \u00e1cido lactobi\u00f3nico.<br \/>\nLa clorella, combinada con los poderes de la arcilla, potencia la acci\u00f3n purificante a la vez que promueve una hidrataci\u00f3n instant\u00e1nea con efectos duraderos.<br \/>\nEl \u00e1cido lactobi\u00f3nico, combinado con aloe vera, previene el da\u00f1o oxidativo de las membranas celulares, promoviendo la formaci\u00f3n de col\u00e1geno.<br \/>\nEstimula la capacidad autorregenerativa de la piel, dej\u00e1ndola m\u00e1s suave.<\/p>\n","protected":false},"featured_media":3377,"template":"","meta":[],"product_brand":[],"product_cat":[112],"product_tag":[],"class_list":{"0":"post-4421","1":"product","2":"type-product","3":"status-publish","4":"has-post-thumbnail","6":"product_cat-gabinete-rostro","8":"first","9":"instock","10":"taxable","11":"shipping-taxable","12":"product-type-simple"},"etheme_brands":{"errors":{"invalid_taxonomy":["Taxonom\u00eda no v\u00e1lida."]},"error_data":[]},"_links":{"self":[{"href":"https:\/\/mfprofissional.com\/es\/wp-json\/wp\/v2\/product\/4421","targetHints":{"allow":["GET"]}}],"collection":[{"href":"https:\/\/mfprofissional.com\/es\/wp-json\/wp\/v2\/product"}],"about":[{"href":"https:\/\/mfprofissional.com\/es\/wp-json\/wp\/v2\/types\/product"}],"version-history":[{"count":0,"href":"https:\/\/mfprofissional.com\/es\/wp-json\/wp\/v2\/product\/4421\/revisions"}],"wp:featuredmedia":[{"embeddable":true,"href":"https:\/\/mfprofissional.com\/es\/wp-json\/wp\/v2\/media\/3377"}],"wp:attachment":[{"href":"https:\/\/mfprofissional.com\/es\/wp-json\/wp\/v2\/media?parent=4421"}],"wp:term":[{"taxonomy":"product_brand","embeddable":true,"href":"https:\/\/mfprofissional.com\/es\/wp-json\/wp\/v2\/product_brand?post=4421"},{"taxonomy":"product_cat","embeddable":true,"href":"https:\/\/mfprofissional.com\/es\/wp-json\/wp\/v2\/product_cat?post=4421"},{"taxonomy":"product_tag","embeddable":true,"href":"https:\/\/mfprofissional.com\/es\/wp-json\/wp\/v2\/product_tag?post=4421"}],"curies":[{"name":"wp","href":"https:\/\/api.w.org\/{rel}","templated":true}]}}