{"id":4427,"date":"2025-07-17T15:41:17","date_gmt":"2025-07-17T15:41:17","guid":{"rendered":"https:\/\/mfprofissional.com\/loja-online\/sin categor\u00eda\/hidra-regeneradora-de-pies\/"},"modified":"2025-07-17T15:41:17","modified_gmt":"2025-07-17T15:41:17","slug":"hidra-regeneradora-de-pies","status":"publish","type":"product","link":"https:\/\/mfprofissional.com\/es\/tienda-en-linea\/gabinete-cuerpo\/hidra-regeneradora-de-pies\/","title":{"rendered":"Hidra Regeneradora de Pies"},"content":{"rendered":"<p>Envase: 500 ml<br \/>\n<strong>Recomendaciones:<\/strong><br \/>\nConservar en un lugar fresco y seco.<br \/>\nMantener fuera del alcance de los ni\u00f1os.<br \/>\nProteger de la luz y el calor.<\/p>\n","protected":false},"excerpt":{"rendered":"<p>Crema bals\u00e1mica formulada con menta, extracto de epilobio, \u00e1cidos grasos, amino\u00e1cidos, alanto\u00edna y urea.<br \/>\nEsta crema suave y de r\u00e1pida absorci\u00f3n ayuda a prevenir problemas comunes en los pies, como la piel gruesa y seca.<br \/>\nAlivia los pies cansados, dej\u00e1ndolos hidratados, cuidados y protegidos.<\/p>\n","protected":false},"featured_media":3473,"template":"","meta":[],"product_brand":[],"product_cat":[110,114],"product_tag":[],"class_list":{"0":"post-4427","1":"product","2":"type-product","3":"status-publish","4":"has-post-thumbnail","6":"product_cat-gabinete-cuerpo","7":"product_cat-home-care-cuerpo","9":"first","10":"instock","11":"taxable","12":"shipping-taxable","13":"product-type-simple"},"etheme_brands":{"errors":{"invalid_taxonomy":["Taxonom\u00eda no v\u00e1lida."]},"error_data":[]},"_links":{"self":[{"href":"https:\/\/mfprofissional.com\/es\/wp-json\/wp\/v2\/product\/4427","targetHints":{"allow":["GET"]}}],"collection":[{"href":"https:\/\/mfprofissional.com\/es\/wp-json\/wp\/v2\/product"}],"about":[{"href":"https:\/\/mfprofissional.com\/es\/wp-json\/wp\/v2\/types\/product"}],"version-history":[{"count":0,"href":"https:\/\/mfprofissional.com\/es\/wp-json\/wp\/v2\/product\/4427\/revisions"}],"wp:featuredmedia":[{"embeddable":true,"href":"https:\/\/mfprofissional.com\/es\/wp-json\/wp\/v2\/media\/3473"}],"wp:attachment":[{"href":"https:\/\/mfprofissional.com\/es\/wp-json\/wp\/v2\/media?parent=4427"}],"wp:term":[{"taxonomy":"product_brand","embeddable":true,"href":"https:\/\/mfprofissional.com\/es\/wp-json\/wp\/v2\/product_brand?post=4427"},{"taxonomy":"product_cat","embeddable":true,"href":"https:\/\/mfprofissional.com\/es\/wp-json\/wp\/v2\/product_cat?post=4427"},{"taxonomy":"product_tag","embeddable":true,"href":"https:\/\/mfprofissional.com\/es\/wp-json\/wp\/v2\/product_tag?post=4427"}],"curies":[{"name":"wp","href":"https:\/\/api.w.org\/{rel}","templated":true}]}}