{"id":4689,"date":"2026-04-29T17:23:31","date_gmt":"2026-04-29T17:23:31","guid":{"rendered":"https:\/\/mfprofissional.com\/?post_type=product&#038;p=4689"},"modified":"2026-04-29T17:25:35","modified_gmt":"2026-04-29T17:25:35","slug":"bacopa-plus-copia-copia","status":"publish","type":"product","link":"https:\/\/mfprofissional.com\/es\/tienda-en-linea\/suplementos-dieteticos\/bacopa-plus-copia-copia\/","title":{"rendered":"Bacopa Plus (C\u00f3pia) (C\u00f3pia)"},"content":{"rendered":"<p>Envase: 60 c\u00e1psulas<\/p>\n<p>Recomendaciones:<\/p>\n<p>Conservar en un lugar fresco y seco.<br \/>\nMantener fuera del alcance de los ni\u00f1os.<br \/>\nProteger de la luz y el calor.<\/p>\n","protected":false},"excerpt":{"rendered":"<p>Un suplemento innovador dise\u00f1ado para apoyar la funci\u00f3n cognitiva y la salud cerebral.<br \/>\nFormulado con Bacopa Mind, un ingrediente activo patentado con resultados cl\u00ednicos comprobados en el aumento de la concentraci\u00f3n, la cognici\u00f3n y la memoria, incluso en ni\u00f1os y adultos con trastorno por d\u00e9ficit de atenci\u00f3n e hiperactividad (TDAH).<br \/>\nLa sinergia con el \u00e1cido lipoico y el resveratrol convierte a Bacopa Plus en un producto \u00fanico.<\/p>\n","protected":false},"featured_media":4692,"template":"","meta":[],"product_brand":[],"product_cat":[120],"product_tag":[],"class_list":{"0":"post-4689","1":"product","2":"type-product","3":"status-publish","4":"has-post-thumbnail","6":"product_cat-suplementos-dieteticos","8":"first","9":"instock","10":"taxable","11":"shipping-taxable","12":"product-type-simple"},"etheme_brands":{"errors":{"invalid_taxonomy":["Taxonom\u00eda no v\u00e1lida."]},"error_data":[]},"_links":{"self":[{"href":"https:\/\/mfprofissional.com\/es\/wp-json\/wp\/v2\/product\/4689","targetHints":{"allow":["GET"]}}],"collection":[{"href":"https:\/\/mfprofissional.com\/es\/wp-json\/wp\/v2\/product"}],"about":[{"href":"https:\/\/mfprofissional.com\/es\/wp-json\/wp\/v2\/types\/product"}],"version-history":[{"count":1,"href":"https:\/\/mfprofissional.com\/es\/wp-json\/wp\/v2\/product\/4689\/revisions"}],"predecessor-version":[{"id":4694,"href":"https:\/\/mfprofissional.com\/es\/wp-json\/wp\/v2\/product\/4689\/revisions\/4694"}],"wp:featuredmedia":[{"embeddable":true,"href":"https:\/\/mfprofissional.com\/es\/wp-json\/wp\/v2\/media\/4692"}],"wp:attachment":[{"href":"https:\/\/mfprofissional.com\/es\/wp-json\/wp\/v2\/media?parent=4689"}],"wp:term":[{"taxonomy":"product_brand","embeddable":true,"href":"https:\/\/mfprofissional.com\/es\/wp-json\/wp\/v2\/product_brand?post=4689"},{"taxonomy":"product_cat","embeddable":true,"href":"https:\/\/mfprofissional.com\/es\/wp-json\/wp\/v2\/product_cat?post=4689"},{"taxonomy":"product_tag","embeddable":true,"href":"https:\/\/mfprofissional.com\/es\/wp-json\/wp\/v2\/product_tag?post=4689"}],"curies":[{"name":"wp","href":"https:\/\/api.w.org\/{rel}","templated":true}]}}